{"id":34560,"date":"2023-11-16T02:52:48","date_gmt":"2023-11-16T02:52:48","guid":{"rendered":"https:\/\/intage.com.vn\/?page_id=34560"},"modified":"2024-11-11T04:42:38","modified_gmt":"2024-11-11T04:42:38","slug":"nen-tang-ky-thuat-so","status":"publish","type":"page","link":"https:\/\/intage.com.vn\/vi\/nen-tang-ky-thuat-so\/","title":{"rendered":"N\u1ec1n t\u1ea3ng k\u1ef9 thu\u1eadt s\u1ed1"},"content":{"rendered":"\t\t<div data-elementor-type=\"wp-page\" data-elementor-id=\"34560\" class=\"elementor elementor-34560\">\n\t\t\t\t\t\t<section class=\"elementor-section elementor-top-section elementor-element elementor-element-446854e elementor-section-boxed elementor-section-height-default elementor-section-height-default\" data-id=\"446854e\" data-element_type=\"section\">\n\t\t\t\t\t\t<div class=\"elementor-container elementor-column-gap-default\">\n\t\t\t\t\t<div class=\"elementor-column elementor-col-100 elementor-top-column elementor-element elementor-element-c5d395b\" data-id=\"c5d395b\" data-element_type=\"column\">\n\t\t\t<div class=\"elementor-widget-wrap elementor-element-populated\">\n\t\t\t\t\t\t<div class=\"elementor-element elementor-element-e5f39a1 elementor-widget elementor-widget-spacer\" data-id=\"e5f39a1\" data-element_type=\"widget\" id=\"nghien-cuu-truc-tuyen\" data-widget_type=\"spacer.default\">\n\t\t\t\t<div class=\"elementor-widget-container\">\n\t\t\t\t\t<div class=\"elementor-spacer\">\n\t\t\t<div class=\"elementor-spacer-inner\"><\/div>\n\t\t<\/div>\n\t\t\t\t<\/div>\n\t\t\t\t<\/div>\n\t\t\t\t\t<\/div>\n\t\t<\/div>\n\t\t\t\t\t<\/div>\n\t\t<\/section>\n\t\t\t\t<section class=\"elementor-section elementor-top-section elementor-element elementor-element-10489e3 elementor-section-boxed elementor-section-height-default elementor-section-height-default\" data-id=\"10489e3\" data-element_type=\"section\">\n\t\t\t\t\t\t<div class=\"elementor-container elementor-column-gap-default\">\n\t\t\t\t\t<div class=\"elementor-column elementor-col-50 elementor-top-column elementor-element elementor-element-59cb23f\" data-id=\"59cb23f\" data-element_type=\"column\">\n\t\t\t<div class=\"elementor-widget-wrap elementor-element-populated\">\n\t\t\t\t\t\t<div class=\"elementor-element elementor-element-565ecc0 elementor-widget__width-inherit elementor-widget elementor-widget-heading\" data-id=\"565ecc0\" data-element_type=\"widget\" data-widget_type=\"heading.default\">\n\t\t\t\t<div class=\"elementor-widget-container\">\n\t\t\t<h3 class=\"elementor-heading-title elementor-size-default\">NGHI\u00caN C\u1ee8U TR\u1ef0C TUY\u1ebeN<\/h3>\t\t<\/div>\n\t\t\t\t<\/div>\n\t\t\t\t\t<\/div>\n\t\t<\/div>\n\t\t\t\t<div class=\"elementor-column elementor-col-50 elementor-top-column elementor-element elementor-element-9ebc127\" data-id=\"9ebc127\" data-element_type=\"column\">\n\t\t\t<div class=\"elementor-widget-wrap\">\n\t\t\t\t\t\t\t<\/div>\n\t\t<\/div>\n\t\t\t\t\t<\/div>\n\t\t<\/section>\n\t\t\t\t<section class=\"elementor-section elementor-top-section elementor-element elementor-element-d19d3f9 elementor-section-boxed elementor-section-height-default elementor-section-height-default\" data-id=\"d19d3f9\" data-element_type=\"section\">\n\t\t\t\t\t\t<div class=\"elementor-container elementor-column-gap-default\">\n\t\t\t\t\t<div class=\"elementor-column elementor-col-50 elementor-top-column elementor-element elementor-element-dc0dd17\" data-id=\"dc0dd17\" data-element_type=\"column\">\n\t\t\t<div class=\"elementor-widget-wrap elementor-element-populated\">\n\t\t\t\t\t\t<div class=\"elementor-element elementor-element-53fb3eb elementor-widget elementor-widget-spacer\" data-id=\"53fb3eb\" data-element_type=\"widget\" data-widget_type=\"spacer.default\">\n\t\t\t\t<div class=\"elementor-widget-container\">\n\t\t\t\t\t<div class=\"elementor-spacer\">\n\t\t\t<div class=\"elementor-spacer-inner\"><\/div>\n\t\t<\/div>\n\t\t\t\t<\/div>\n\t\t\t\t<\/div>\n\t\t\t\t<div class=\"elementor-element elementor-element-1f958b2 elementor-widget elementor-widget-heading\" data-id=\"1f958b2\" data-element_type=\"widget\" data-widget_type=\"heading.default\">\n\t\t\t\t<div class=\"elementor-widget-container\">\n\t\t\t<h2 class=\"elementor-heading-title elementor-size-default\">S\u1ef1 kh\u00e1c bi\u1ec7t c\u1ee7a ch\u00fang t\u00f4i<\/h2>\t\t<\/div>\n\t\t\t\t<\/div>\n\t\t\t\t\t<\/div>\n\t\t<\/div>\n\t\t\t\t<div class=\"elementor-column elementor-col-50 elementor-top-column elementor-element elementor-element-ebb4664\" data-id=\"ebb4664\" data-element_type=\"column\">\n\t\t\t<div class=\"elementor-widget-wrap elementor-element-populated\">\n\t\t\t\t\t\t<section class=\"elementor-section elementor-inner-section elementor-element elementor-element-3c3ba96 elementor-section-boxed elementor-section-height-default elementor-section-height-default\" data-id=\"3c3ba96\" data-element_type=\"section\">\n\t\t\t\t\t\t<div class=\"elementor-container elementor-column-gap-default\">\n\t\t\t\t\t<div class=\"elementor-column elementor-col-50 elementor-inner-column elementor-element elementor-element-1a18cca\" data-id=\"1a18cca\" data-element_type=\"column\">\n\t\t\t<div class=\"elementor-widget-wrap elementor-element-populated\">\n\t\t\t\t\t\t<div class=\"elementor-element elementor-element-aa565db elementor-widget elementor-widget-image\" data-id=\"aa565db\" data-element_type=\"widget\" data-widget_type=\"image.default\">\n\t\t\t\t<div class=\"elementor-widget-container\">\n\t\t\t\t\t\t\t\t\t\t\t\t\t<img decoding=\"async\" width=\"147\" height=\"146\" src=\"https:\/\/intage.com.vn\/wp-content\/uploads\/2023\/07\/1-1.png\" class=\"attachment-full size-full wp-image-30643\" alt=\"\" \/>\t\t\t\t\t\t\t\t\t\t\t\t\t<\/div>\n\t\t\t\t<\/div>\n\t\t\t\t\t<\/div>\n\t\t<\/div>\n\t\t\t\t<div class=\"elementor-column elementor-col-50 elementor-inner-column elementor-element elementor-element-d829daf\" data-id=\"d829daf\" data-element_type=\"column\">\n\t\t\t<div class=\"elementor-widget-wrap elementor-element-populated\">\n\t\t\t\t\t\t<div class=\"elementor-element elementor-element-6414e20 elementor-widget elementor-widget-text-editor\" data-id=\"6414e20\" data-element_type=\"widget\" data-widget_type=\"text-editor.default\">\n\t\t\t\t<div class=\"elementor-widget-container\">\n\t\t\t\t\t\t\t<p style=\"text-align: center;\"><strong>GI\u1ea2I PH\u00c1P NGHI\u00caN C\u1ee8U TH\u00d4NG MINH<\/strong><\/p><p>Ch\u00fang t\u00f4i t\u00edch h\u1ee3p c\u00e1c c\u00f4ng ngh\u1ec7 m\u1edbi nh\u1ea5t trong ng\u00e0nh v\u1edbi c\u00e1c m\u00f4 h\u00ecnh nghi\u00ean c\u1ee9u ti\u00ean ti\u1ebfn \u0111\u1ec3 x\u1eed l\u00fd d\u1eef li\u1ec7u nhanh h\u01a1n v\u00e0 linh ho\u1ea1t h\u01a1n.<br \/>Ch\u00fang t\u00f4i mong mu\u1ed1n cung c\u1ea5p cho Kh\u00e1ch h\u00e0ng kh\u00f4ng ch\u1ec9 l\u00e0 m\u1ed9t nghi\u00ean c\u1ee9u chung m\u00e0 c\u00f2n l\u00e0 m\u1ed9t c\u00e1ch th\u00f4ng minh \u0111\u1ec3 \u0111\u1ea1t \u0111\u01b0\u1ee3c m\u1ee5c ti\u00eau c\u1ee7a h\u1ecd.<\/p>\t\t\t\t\t\t<\/div>\n\t\t\t\t<\/div>\n\t\t\t\t\t<\/div>\n\t\t<\/div>\n\t\t\t\t\t<\/div>\n\t\t<\/section>\n\t\t\t\t<div class=\"elementor-element elementor-element-947f372 elementor-widget elementor-widget-spacer\" data-id=\"947f372\" data-element_type=\"widget\" data-widget_type=\"spacer.default\">\n\t\t\t\t<div class=\"elementor-widget-container\">\n\t\t\t\t\t<div class=\"elementor-spacer\">\n\t\t\t<div class=\"elementor-spacer-inner\"><\/div>\n\t\t<\/div>\n\t\t\t\t<\/div>\n\t\t\t\t<\/div>\n\t\t\t\t<section class=\"elementor-section elementor-inner-section elementor-element elementor-element-e87d513 elementor-section-boxed elementor-section-height-default elementor-section-height-default\" data-id=\"e87d513\" data-element_type=\"section\">\n\t\t\t\t\t\t<div class=\"elementor-container elementor-column-gap-default\">\n\t\t\t\t\t<div class=\"elementor-column elementor-col-50 elementor-inner-column elementor-element elementor-element-5ab1c1b\" data-id=\"5ab1c1b\" data-element_type=\"column\">\n\t\t\t<div class=\"elementor-widget-wrap elementor-element-populated\">\n\t\t\t\t\t\t<div class=\"elementor-element elementor-element-6ef9f55 elementor-widget elementor-widget-image\" data-id=\"6ef9f55\" data-element_type=\"widget\" data-widget_type=\"image.default\">\n\t\t\t\t<div class=\"elementor-widget-container\">\n\t\t\t\t\t\t\t\t\t\t\t\t\t<img decoding=\"async\" width=\"134\" height=\"132\" src=\"https:\/\/intage.com.vn\/wp-content\/uploads\/2023\/07\/2.png\" class=\"attachment-full size-full wp-image-30644\" alt=\"\" \/>\t\t\t\t\t\t\t\t\t\t\t\t\t<\/div>\n\t\t\t\t<\/div>\n\t\t\t\t\t<\/div>\n\t\t<\/div>\n\t\t\t\t<div class=\"elementor-column elementor-col-50 elementor-inner-column elementor-element elementor-element-465ce80\" data-id=\"465ce80\" data-element_type=\"column\">\n\t\t\t<div class=\"elementor-widget-wrap elementor-element-populated\">\n\t\t\t\t\t\t<div class=\"elementor-element elementor-element-2092f35 elementor-widget__width-initial elementor-widget elementor-widget-text-editor\" data-id=\"2092f35\" data-element_type=\"widget\" data-widget_type=\"text-editor.default\">\n\t\t\t\t<div class=\"elementor-widget-container\">\n\t\t\t\t\t\t\t<p style=\"text-align: center;\"><strong>NGU\u1ed2N NH\u00c2N L\u1ef0C CHUY\u00caN GIA<\/strong><\/p><p>INTAGE \u0111\u01b0\u1ee3c h\u1ed7 tr\u1ee3 b\u1edfi \u0111\u1ed9i ng\u0169 nh\u00e2n s\u1ef1 c\u00f3 nhi\u1ec1u kinh nghi\u1ec7m &amp; chuy\u00ean m\u00f4n trong ph\u00e2n t\u00edch d\u1eef li\u1ec7u &amp; th\u00e0nh th\u1ea1o trong ti\u1ebfp th\u1ecb. C\u00e1c chuy\u00ean gia c\u1ee7a ch\u00fang t\u00f4i l\u00e0m vi\u1ec7c kh\u00f4ng m\u1ec7t m\u1ecfi \u0111\u1ec3 cung c\u1ea5p c\u00e1c gi\u1ea3i ph\u00e1p t\u1ed1t nh\u1ea5t, nhanh nh\u1eb9n, k\u1ebft n\u1ed1i v\u00e0 t\u1eadp trung v\u00e0o quy\u1ebft \u0111\u1ecbnh.<\/p>\t\t\t\t\t\t<\/div>\n\t\t\t\t<\/div>\n\t\t\t\t\t<\/div>\n\t\t<\/div>\n\t\t\t\t\t<\/div>\n\t\t<\/section>\n\t\t\t\t<div class=\"elementor-element elementor-element-1592c69 elementor-widget elementor-widget-spacer\" data-id=\"1592c69\" data-element_type=\"widget\" data-widget_type=\"spacer.default\">\n\t\t\t\t<div class=\"elementor-widget-container\">\n\t\t\t\t\t<div class=\"elementor-spacer\">\n\t\t\t<div class=\"elementor-spacer-inner\"><\/div>\n\t\t<\/div>\n\t\t\t\t<\/div>\n\t\t\t\t<\/div>\n\t\t\t\t<section class=\"elementor-section elementor-inner-section elementor-element elementor-element-6889baa elementor-section-boxed elementor-section-height-default elementor-section-height-default\" data-id=\"6889baa\" data-element_type=\"section\">\n\t\t\t\t\t\t<div class=\"elementor-container elementor-column-gap-default\">\n\t\t\t\t\t<div class=\"elementor-column elementor-col-50 elementor-inner-column elementor-element elementor-element-84ab2c8\" data-id=\"84ab2c8\" data-element_type=\"column\">\n\t\t\t<div class=\"elementor-widget-wrap elementor-element-populated\">\n\t\t\t\t\t\t<div class=\"elementor-element elementor-element-8ca7774 elementor-widget elementor-widget-image\" data-id=\"8ca7774\" data-element_type=\"widget\" data-widget_type=\"image.default\">\n\t\t\t\t<div class=\"elementor-widget-container\">\n\t\t\t\t\t\t\t\t\t\t\t\t\t<img decoding=\"async\" width=\"132\" height=\"132\" src=\"https:\/\/intage.com.vn\/wp-content\/uploads\/2023\/07\/3.png\" class=\"attachment-full size-full wp-image-30645\" alt=\"\" \/>\t\t\t\t\t\t\t\t\t\t\t\t\t<\/div>\n\t\t\t\t<\/div>\n\t\t\t\t\t<\/div>\n\t\t<\/div>\n\t\t\t\t<div class=\"elementor-column elementor-col-50 elementor-inner-column elementor-element elementor-element-7a588c1\" data-id=\"7a588c1\" data-element_type=\"column\">\n\t\t\t<div class=\"elementor-widget-wrap elementor-element-populated\">\n\t\t\t\t\t\t<div class=\"elementor-element elementor-element-a1e1d9c elementor-widget elementor-widget-text-editor\" data-id=\"a1e1d9c\" data-element_type=\"widget\" data-widget_type=\"text-editor.default\">\n\t\t\t\t<div class=\"elementor-widget-container\">\n\t\t\t\t\t\t\t<p style=\"text-align: center;\"><strong>CAM K\u1ebeT CH\u1ea4T L\u01af\u1ee2NG M\u1ea0NH M\u1ebc<\/strong><\/p><p>Ch\u00fang t\u00f4i s\u1eed d\u1ee5ng ki\u1ec3m tra ch\u1ea5t l\u01b0\u1ee3ng, logic v\u00e0 t\u00ednh h\u1ee3p l\u00fd trong to\u00e0n b\u1ed9 qu\u00e1 tr\u00ecnh \u0111\u01b0\u1ee3c th\u1ef1c hi\u1ec7n b\u1edfi m\u1ed9t Nh\u00f3m QC \u0111\u1ed9c l\u1eadp. T\u1ea1i INTAGE Vi\u1ec7t Nam, Kh\u00e1ch h\u00e0ng ch\u1ec9 nh\u1eadn \u0111\u01b0\u1ee3c d\u1eef li\u1ec7u \u0111\u00e1ng tin c\u1eady, s\u1eb5n s\u00e0ng \u0111\u01b0a ra quy\u1ebft \u0111\u1ecbnh m\u00e0 h\u1ecd c\u00f3 th\u1ec3 tin t\u01b0\u1edfng.<\/p>\t\t\t\t\t\t<\/div>\n\t\t\t\t<\/div>\n\t\t\t\t\t<\/div>\n\t\t<\/div>\n\t\t\t\t\t<\/div>\n\t\t<\/section>\n\t\t\t\t\t<\/div>\n\t\t<\/div>\n\t\t\t\t\t<\/div>\n\t\t<\/section>\n\t\t\t\t<\/div>\n\t\t","protected":false},"excerpt":{"rendered":"<p>NGHI\u00caN C\u1ee8U TR\u1ef0C TUY\u1ebeN S\u1ef1 kh\u00e1c bi\u1ec7t c\u1ee7a ch\u00fang t\u00f4i GI\u1ea2I PH\u00c1P NGHI\u00caN C\u1ee8U TH\u00d4NG MINH Ch\u00fang t\u00f4i t\u00edch h\u1ee3p c\u00e1c c\u00f4ng ngh\u1ec7 m\u1edbi nh\u1ea5t trong ng\u00e0nh v\u1edbi c\u00e1c m\u00f4 h\u00ecnh nghi\u00ean c\u1ee9u ti\u00ean ti\u1ebfn \u0111\u1ec3 x\u1eed l\u00fd d\u1eef li\u1ec7u nhanh h\u01a1n v\u00e0 linh ho\u1ea1t h\u01a1n.Ch\u00fang t\u00f4i mong mu\u1ed1n cung c\u1ea5p cho Kh\u00e1ch h\u00e0ng kh\u00f4ng [&hellip;]<\/p>\n","protected":false},"author":3,"featured_media":0,"parent":0,"menu_order":0,"comment_status":"closed","ping_status":"closed","template":"","meta":{"site-sidebar-layout":"no-sidebar","site-content-layout":"page-builder","ast-site-content-layout":"default","site-content-style":"default","site-sidebar-style":"default","ast-global-header-display":"","ast-banner-title-visibility":"","ast-main-header-display":"","ast-hfb-above-header-display":"","ast-hfb-below-header-display":"","ast-hfb-mobile-header-display":"","site-post-title":"disabled","ast-breadcrumbs-content":"","ast-featured-img":"disabled","footer-sml-layout":"","ast-disable-related-posts":"","theme-transparent-header-meta":"default","adv-header-id-meta":"","stick-header-meta":"default","header-above-stick-meta":"","header-main-stick-meta":"","header-below-stick-meta":"","astra-migrate-meta-layouts":"default","ast-page-background-enabled":"default","ast-page-background-meta":{"desktop":{"background-color":"","background-image":"","background-repeat":"repeat","background-position":"center center","background-size":"auto","background-attachment":"scroll","background-type":"","background-media":"","overlay-type":"","overlay-color":"","overlay-opacity":"","overlay-gradient":""},"tablet":{"background-color":"","background-image":"","background-repeat":"repeat","background-position":"center center","background-size":"auto","background-attachment":"scroll","background-type":"","background-media":"","overlay-type":"","overlay-color":"","overlay-opacity":"","overlay-gradient":""},"mobile":{"background-color":"","background-image":"","background-repeat":"repeat","background-position":"center center","background-size":"auto","background-attachment":"scroll","background-type":"","background-media":"","overlay-type":"","overlay-color":"","overlay-opacity":"","overlay-gradient":""}},"ast-content-background-meta":{"desktop":{"background-color":"var(--ast-global-color-5)","background-image":"","background-repeat":"repeat","background-position":"center center","background-size":"auto","background-attachment":"scroll","background-type":"","background-media":"","overlay-type":"","overlay-color":"","overlay-opacity":"","overlay-gradient":""},"tablet":{"background-color":"var(--ast-global-color-5)","background-image":"","background-repeat":"repeat","background-position":"center center","background-size":"auto","background-attachment":"scroll","background-type":"","background-media":"","overlay-type":"","overlay-color":"","overlay-opacity":"","overlay-gradient":""},"mobile":{"background-color":"var(--ast-global-color-5)","background-image":"","background-repeat":"repeat","background-position":"center center","background-size":"auto","background-attachment":"scroll","background-type":"","background-media":"","overlay-type":"","overlay-color":"","overlay-opacity":"","overlay-gradient":""}},"footnotes":""},"class_list":["post-34560","page","type-page","status-publish","hentry"],"wpml_current_locale":"vi_VN","wpml_translations":[],"_links":{"self":[{"href":"https:\/\/intage.com.vn\/vi\/wp-json\/wp\/v2\/pages\/34560","targetHints":{"allow":["GET"]}}],"collection":[{"href":"https:\/\/intage.com.vn\/vi\/wp-json\/wp\/v2\/pages"}],"about":[{"href":"https:\/\/intage.com.vn\/vi\/wp-json\/wp\/v2\/types\/page"}],"author":[{"embeddable":true,"href":"https:\/\/intage.com.vn\/vi\/wp-json\/wp\/v2\/users\/3"}],"replies":[{"embeddable":true,"href":"https:\/\/intage.com.vn\/vi\/wp-json\/wp\/v2\/comments?post=34560"}],"version-history":[{"count":0,"href":"https:\/\/intage.com.vn\/vi\/wp-json\/wp\/v2\/pages\/34560\/revisions"}],"wp:attachment":[{"href":"https:\/\/intage.com.vn\/vi\/wp-json\/wp\/v2\/media?parent=34560"}],"curies":[{"name":"wp","href":"https:\/\/api.w.org\/{rel}","templated":true}]}}